{"id":55,"date":"2023-04-29T15:48:24","date_gmt":"2023-04-29T20:48:24","guid":{"rendered":"https:\/\/eqpsicologos.com\/?page_id=55"},"modified":"2024-01-22T10:55:00","modified_gmt":"2024-01-22T15:55:00","slug":"acerca-de-nosotros","status":"publish","type":"page","link":"https:\/\/eqpsicologos.com\/index.php\/acerca-de-nosotros\/","title":{"rendered":"Acerca de nosotros"},"content":{"rendered":"<div class=\"wp-block-media-text has-media-on-the-right is-stacked-on-mobile\"><div class=\"wp-block-media-text__content\"><p><\/p>\n\n<p class=\"has-text-align-left\">En nuestro centro de psicolog\u00eda, contamos con expertos en distintas \u00e1reas para brindar una atenci\u00f3n completa y hol\u00edstica a nuestros pacientes, ayud\u00e1ndolos a alcanzar un estado de equilibrio y bienestar mental. <\/p>\n\n<p class=\"has-text-align-left\">Disponemos de modernos equipos y c\u00f3modas instalaciones para asegurar que nuestros pacientes se sientan c\u00f3modos y seguros al recibir el tratamiento adecuado.<\/p>\n\n<p class=\"has-text-align-left\">Nuestro enfoque es detectar cualquier problema que pueda afectar el equilibrio emocional de nuestros pacientes, mediante estudios que nos permitan identificar las ra\u00edces y las causas de sus trastornos. <\/p>\n\n<p class=\"has-text-align-left\">Nuestra meta es evaluar, diagnosticar y dise\u00f1ar tratamientos efectivos para abordar problemas emocionales, psicol\u00f3gicos y conductuales.<\/p><\/div><figure class=\"wp-block-media-text__media\"><img loading=\"lazy\" decoding=\"async\" width=\"400\" height=\"200\" src=\"https:\/\/eqpsicologos.com\/wp-content\/uploads\/2023\/06\/Perfiles.jpg\" alt=\"\" class=\"wp-image-320 size-full\" srcset=\"https:\/\/eqpsicologos.com\/wp-content\/uploads\/2023\/06\/Perfiles.jpg 400w, https:\/\/eqpsicologos.com\/wp-content\/uploads\/2023\/06\/Perfiles-300x150.jpg 300w\" sizes=\"(max-width: 400px) 100vw, 400px\" \/><\/figure><\/div>","protected":false},"excerpt":{"rendered":"<p>En nuestro centro de psicolog\u00eda, contamos con expertos en distintas \u00e1reas para brindar una atenci\u00f3n completa y hol\u00edstica a nuestros pacientes, ayud\u00e1ndolos a alcanzar un estado de equilibrio y bienestar mental. Disponemos de modernos equipos y c\u00f3modas instalaciones para asegurar que nuestros pacientes se sientan c\u00f3modos y seguros al recibir el tratamiento adecuado. Nuestro enfoque [&hellip;]<\/p>\n","protected":false},"author":1,"featured_media":0,"parent":0,"menu_order":0,"comment_status":"open","ping_status":"closed","template":"","meta":{"footnotes":""},"class_list":["post-55","page","type-page","status-publish","hentry"],"_links":{"self":[{"href":"https:\/\/eqpsicologos.com\/index.php\/wp-json\/wp\/v2\/pages\/55"}],"collection":[{"href":"https:\/\/eqpsicologos.com\/index.php\/wp-json\/wp\/v2\/pages"}],"about":[{"href":"https:\/\/eqpsicologos.com\/index.php\/wp-json\/wp\/v2\/types\/page"}],"author":[{"embeddable":true,"href":"https:\/\/eqpsicologos.com\/index.php\/wp-json\/wp\/v2\/users\/1"}],"replies":[{"embeddable":true,"href":"https:\/\/eqpsicologos.com\/index.php\/wp-json\/wp\/v2\/comments?post=55"}],"version-history":[{"count":8,"href":"https:\/\/eqpsicologos.com\/index.php\/wp-json\/wp\/v2\/pages\/55\/revisions"}],"predecessor-version":[{"id":355,"href":"https:\/\/eqpsicologos.com\/index.php\/wp-json\/wp\/v2\/pages\/55\/revisions\/355"}],"wp:attachment":[{"href":"https:\/\/eqpsicologos.com\/index.php\/wp-json\/wp\/v2\/media?parent=55"}],"curies":[{"name":"wp","href":"https:\/\/api.w.org\/{rel}","templated":true}]}}