{"id":2,"date":"2023-04-29T13:19:45","date_gmt":"2023-04-29T18:19:45","guid":{"rendered":"https:\/\/eqpsicologos.com\/?page_id=2"},"modified":"2023-06-14T13:52:53","modified_gmt":"2023-06-14T18:52:53","slug":"capacitaciones","status":"publish","type":"page","link":"https:\/\/eqpsicologos.com\/index.php\/capacitaciones\/","title":{"rendered":"Capacitaciones y conferencias"},"content":{"rendered":"<figure class=\"wp-block-image size-large is-resized is-style-default\"><img loading=\"lazy\" decoding=\"async\" src=\"https:\/\/eqpsicologos.com\/wp-content\/uploads\/2023\/06\/Leo-conferencia-1024x576.jpeg\" alt=\"\" class=\"wp-image-302\" width=\"565\" height=\"317\" srcset=\"https:\/\/eqpsicologos.com\/wp-content\/uploads\/2023\/06\/Leo-conferencia-1024x576.jpeg 1024w, https:\/\/eqpsicologos.com\/wp-content\/uploads\/2023\/06\/Leo-conferencia-300x169.jpeg 300w, https:\/\/eqpsicologos.com\/wp-content\/uploads\/2023\/06\/Leo-conferencia-768x432.jpeg 768w, https:\/\/eqpsicologos.com\/wp-content\/uploads\/2023\/06\/Leo-conferencia-600x337.jpeg 600w, https:\/\/eqpsicologos.com\/wp-content\/uploads\/2023\/06\/Leo-conferencia.jpeg 1080w\" sizes=\"(max-width: 565px) 100vw, 565px\" \/><\/figure><nav class=\"navbar navbar-expand-lg mb-3\"><div class=\"wp-block-blockstrap-blockstrap-widget-navbar\"><h2 class=\"wp-block-heading\">Colegios<\/h2><\/div><\/nav><p>Ofrecemos programas de capacitaci\u00f3n en colegios e instituciones educativas que tienen como objetivo fomentar los valores, la sana convivencia, prevenir el acoso escolar, guiar a los estudiantes en el proceso de transici\u00f3n del bachillerato a la universidad, y mejorar el manejo de la autoridad y la disciplina en el aula.<\/p><p>Nuestros programas son beneficiosos para las instituciones educativas, ya que ayudan a fortalecer el sentido de pertenencia de los estudiantes y fomentan el trabajo en equipo entre los estudiantes, docentes y la direcci\u00f3n del colegio. Adem\u00e1s, nuestros programas pueden ayudar a prevenir y manejar situaciones de acoso escolar, lo que contribuye a crear un ambiente escolar m\u00e1s seguro y positivo.<\/p><h2 class=\"wp-block-heading\">Empresas<\/h2><nav class=\"navbar navbar-expand-lg mb-3\"><div class=\"wp-block-blockstrap-blockstrap-widget-navbar\"><p>Para lograr una comunicaci\u00f3n efectiva y un trabajo en equipo exitoso, es importante establecer normas claras y precisas que fomenten el respeto, la claridad y la amabilidad en la comunicaci\u00f3n. Estas normas pueden ser plasmadas en un conjunto de valores y principios que gu\u00eden el comportamiento y la interacci\u00f3n de los miembros del equipo.<\/p>\n\n<p>En nuestra empresa, creemos en la importancia de trabajar en equipo hacia una meta com\u00fan y de comunicarnos de efectiva y afectiva. Por ello, hemos establecido un conjunto de valores que gu\u00edan nuestro comportamiento y nuestra interacci\u00f3n en el trabajo. Entre estos valores se encuentran el respeto, la claridad, la amabilidad, el trabajo en equipo y el compromiso con la meta de la empresa.<\/p>\n\n<p>A trav\u00e9s de nuestra capacitaci\u00f3n, le ayudamos a establecer estos valores y principios en su equipo de trabajo para lograr una comunicaci\u00f3n efectiva y un trabajo en equipo exitoso que le permita alcanzar las metas y consolidar el \u00e9xito en los resultados de su empresa.<\/p><\/div><\/nav>","protected":false},"excerpt":{"rendered":"<p>Ofrecemos programas de capacitaci\u00f3n en colegios e instituciones educativas que tienen como objetivo fomentar los valores, la sana convivencia, prevenir el acoso escolar, guiar a los estudiantes en el proceso de transici\u00f3n del bachillerato a la universidad, y mejorar el manejo de la autoridad y la disciplina en el aula. Nuestros programas son beneficiosos para [&hellip;]<\/p>\n","protected":false},"author":1,"featured_media":165,"parent":0,"menu_order":0,"comment_status":"closed","ping_status":"closed","template":"","meta":{"footnotes":""},"class_list":["post-2","page","type-page","status-publish","has-post-thumbnail","hentry"],"_links":{"self":[{"href":"https:\/\/eqpsicologos.com\/index.php\/wp-json\/wp\/v2\/pages\/2"}],"collection":[{"href":"https:\/\/eqpsicologos.com\/index.php\/wp-json\/wp\/v2\/pages"}],"about":[{"href":"https:\/\/eqpsicologos.com\/index.php\/wp-json\/wp\/v2\/types\/page"}],"author":[{"embeddable":true,"href":"https:\/\/eqpsicologos.com\/index.php\/wp-json\/wp\/v2\/users\/1"}],"replies":[{"embeddable":true,"href":"https:\/\/eqpsicologos.com\/index.php\/wp-json\/wp\/v2\/comments?post=2"}],"version-history":[{"count":4,"href":"https:\/\/eqpsicologos.com\/index.php\/wp-json\/wp\/v2\/pages\/2\/revisions"}],"predecessor-version":[{"id":303,"href":"https:\/\/eqpsicologos.com\/index.php\/wp-json\/wp\/v2\/pages\/2\/revisions\/303"}],"wp:featuredmedia":[{"embeddable":true,"href":"https:\/\/eqpsicologos.com\/index.php\/wp-json\/wp\/v2\/media\/165"}],"wp:attachment":[{"href":"https:\/\/eqpsicologos.com\/index.php\/wp-json\/wp\/v2\/media?parent=2"}],"curies":[{"name":"wp","href":"https:\/\/api.w.org\/{rel}","templated":true}]}}